{"id":1079,"date":"2024-02-23T08:40:21","date_gmt":"2024-02-23T08:40:21","guid":{"rendered":"https:\/\/dunakavicsonline.hu\/?page_id=1079"},"modified":"2025-01-27T15:40:51","modified_gmt":"2025-01-27T15:40:51","slug":"koszonto","status":"publish","type":"page","link":"https:\/\/dunakavicsonline.hu\/en\/","title":{"rendered":"Welcome message from the \nEditor-in-Chief"},"content":{"rendered":"<p class=\"has-text-align-left\"><\/p>\n\n\n\n<p class=\"has-central-palette-1-color has-text-color has-link-color wp-elements-20c7fa71ec07bd402b93dbade7b9c3c7\" style=\"font-size:26px\"><strong>Dear Reader,\u00a0<\/strong><\/p>\n\n\n\n<p>At first sight, we have chosen a perhaps playful-sounding name for the title of our long-planned publication. For us, the name <em>Dunakavics [Danube pebbles]<\/em> has many meanings. The English language says pebbles of wisdom. The pebble, however, may also remind us of the classic parable of a philosophy professor. The professor illustrated the meaning of life by filling a glass with rocks, explaining that a glass seemingly full of rocks could be filled with more pebbles and sand. The rocks represented the most important things in life, like family, health, and dreams that give our lives meaning. The pebbles were things that mattered to us, like our job, hobbies, and friends. They make life enjoyable, yet aren\u2019t essential. The sand represented small, insignificant things. The moral was simple. Focus on the essential things first. Take care of family, health, and dreams. Then enjoy the pebbles - things that make you happy. If you still have time, have fun with the sand. If you fill your life, however, with sand first, wasting your time with unimportant things, there won\u2019t be space for the rocks and pebbles that truly matter. <em>Dunakavics [Danube pebbles]<\/em> also provide scope for further associations, as they can bring to mind a childhood favorite sweet or simply a walk along the Danube.&nbsp;<\/p>\n\n\n\n<p>We hope that in our publication you will be able to choose the pebbles you want to lift from the riverbank according to your own taste and preferences. We are as diverse as that, and we offer our readers a wide range of disciplines to select from (social sciences, informatics, engineering, and pedagogy).&nbsp;<\/p>\n\n\n\n<p>Duna\u00fajv\u00e1ros, November 2013<\/p>\n\n\n\n<p><strong>Istv\u00e1n Andr\u00e1s<\/strong>, rektor; <br><strong>Istv\u00e1n N\u00e9meth<\/strong>, felel\u0151s szerkeszt\u0151\u00a0<\/p>\n\n\n\n<p><\/p>","protected":false},"excerpt":{"rendered":"<p>Kedves Olvas\u00f3!\u00a0 Els\u0151 hall\u00e1sra tal\u00e1n j\u00e1t\u00e9kosan hangz\u00f3 nevet v\u00e1lasztottunk r\u00e9g\u00f3ta tervezett kiadv\u00e1nyunk c\u00edm\u00e9\u00fcl.&nbsp; A Dunakavics n\u00e9v sz\u00e1munkra sokr\u00e9t\u0171 jelent\u00e9ssel b\u00edr. Az angol nyelv a b\u00f6lcs mond\u00e1sokat \u201epebbles of wisdom\u201d azaz a b\u00f6lcsess\u00e9gek k\u00f6v\u00e9nek nevezi, de a kavicsr\u00f3l a filoz\u00f3fia professzor klasszikus p\u00e9ldabesz\u00e9de is esz\u00fcnkbe juthat. A professzor hallgat\u00f3inak egy \u00fcveg felt\u00f6lt\u00e9s\u00e9vel illusztr\u00e1lta az \u00e9let \u00e9rtelm\u00e9t, &hellip; <a href=\"https:\/\/dunakavicsonline.hu\/en\/\" class=\"more-link\">Continue reading<span class=\"screen-reader-text\"> &#8222;F\u0151szerkeszt\u0151i k\u00f6sz\u00f6nt\u0151&#8221;<\/span><\/a><\/p>","protected":false},"author":1,"featured_media":0,"parent":0,"menu_order":0,"comment_status":"closed","ping_status":"closed","template":"","meta":{"two_page_speed":[],"footnotes":""},"class_list":["post-1079","page","type-page","status-publish","hentry"],"_links":{"self":[{"href":"https:\/\/dunakavicsonline.hu\/en\/wp-json\/wp\/v2\/pages\/1079","targetHints":{"allow":["GET"]}}],"collection":[{"href":"https:\/\/dunakavicsonline.hu\/en\/wp-json\/wp\/v2\/pages"}],"about":[{"href":"https:\/\/dunakavicsonline.hu\/en\/wp-json\/wp\/v2\/types\/page"}],"author":[{"embeddable":true,"href":"https:\/\/dunakavicsonline.hu\/en\/wp-json\/wp\/v2\/users\/1"}],"replies":[{"embeddable":true,"href":"https:\/\/dunakavicsonline.hu\/en\/wp-json\/wp\/v2\/comments?post=1079"}],"version-history":[{"count":16,"href":"https:\/\/dunakavicsonline.hu\/en\/wp-json\/wp\/v2\/pages\/1079\/revisions"}],"predecessor-version":[{"id":1310,"href":"https:\/\/dunakavicsonline.hu\/en\/wp-json\/wp\/v2\/pages\/1079\/revisions\/1310"}],"wp:attachment":[{"href":"https:\/\/dunakavicsonline.hu\/en\/wp-json\/wp\/v2\/media?parent=1079"}],"curies":[{"name":"wp","href":"https:\/\/api.w.org\/{rel}","templated":true}]}}