{"id":1323,"date":"2025-01-27T16:05:15","date_gmt":"2025-01-27T16:05:15","guid":{"rendered":"https:\/\/dunakavicsonline.hu\/?page_id=1323"},"modified":"2025-11-25T15:57:48","modified_gmt":"2025-11-25T15:57:48","slug":"dunakavics-konyvek","status":"publish","type":"page","link":"https:\/\/dunakavicsonline.hu\/en\/dunakavics-konyvek\/","title":{"rendered":"Dunakavics books"},"content":{"rendered":"<ul class=\"wp-block-latest-posts__list wp-block-latest-posts\"><li><a class=\"wp-block-latest-posts__post-title\" href=\"https:\/\/dunakavicsonline.hu\/en\/2013-felfedezo%cc%8b-matematika\/\">2013 Felfedezo\u030b Matematika<\/a><\/li>\n<li><a class=\"wp-block-latest-posts__post-title\" href=\"https:\/\/dunakavicsonline.hu\/en\/2014-a-jelen-tudomanya-a-jo%cc%88vo%cc%8b-gyakorlata\/\">2014 A jelen tudoma\u0301nya, a jo\u0308vo\u030b gyakorlata<\/a><\/li>\n<li><a class=\"wp-block-latest-posts__post-title\" href=\"https:\/\/dunakavicsonline.hu\/en\/2014-az-informatika-korszeru%cc%8b-technikai\/\">2014 Az Informatika korszeru\u030b technika\u0301i<\/a><\/li>\n<li><a class=\"wp-block-latest-posts__post-title\" href=\"https:\/\/dunakavicsonline.hu\/en\/2014-tanulasi-terek\/\">2014 Tanula\u0301si terek<\/a><\/li>\n<li><a class=\"wp-block-latest-posts__post-title\" href=\"https:\/\/dunakavicsonline.hu\/en\/2014-tudomanyos-terek\/\">2014 Tudoma\u0301nyos terek<\/a><\/li>\n<li><a class=\"wp-block-latest-posts__post-title\" href=\"https:\/\/dunakavicsonline.hu\/en\/2015-auditori-salutem-angol\/\">2015 Auditori Salutem (angol)<\/a><\/li>\n<li><a class=\"wp-block-latest-posts__post-title\" href=\"https:\/\/dunakavicsonline.hu\/en\/2015-informatikai-terek\/\">2015 Informatikai terek<\/a><\/li>\n<li><a class=\"wp-block-latest-posts__post-title\" href=\"https:\/\/dunakavicsonline.hu\/en\/2015-interdiszciplinalis-kutatasok\/\">2015 Interdiszciplina\u0301lis Kutata\u0301sok<\/a><\/li>\n<li><a class=\"wp-block-latest-posts__post-title\" href=\"https:\/\/dunakavicsonline.hu\/en\/2015-kutatasi-terek\/\">2015 Kutata\u0301si terek<\/a><\/li>\n<li><a class=\"wp-block-latest-posts__post-title\" href=\"https:\/\/dunakavicsonline.hu\/en\/2015-merno%cc%88ktanar-tradicio-es-modernitas\/\">2015 Me\u0301rno\u0308ktana\u0301r: Trad\u00edci\u00f3 \u00e9s modernit\u00e1s<\/a><\/li>\n<li><a class=\"wp-block-latest-posts__post-title\" href=\"https:\/\/dunakavicsonline.hu\/en\/2015-nyelvi-terek\/\">2015 Nyelvi terek<\/a><\/li>\n<li><a class=\"wp-block-latest-posts__post-title\" href=\"https:\/\/dunakavicsonline.hu\/en\/2015-pedhalo-hu\/\">2015 Pedha\u0301lo\u0301.hu<\/a><\/li>\n<li><a class=\"wp-block-latest-posts__post-title\" href=\"https:\/\/dunakavicsonline.hu\/en\/2015-szimbolikus-ko%cc%88zo%cc%88ssegek\/\">2015 Szimbolikus Ko\u0308zo\u0308sse\u0301gek<\/a><\/li>\n<li><a class=\"wp-block-latest-posts__post-title\" href=\"https:\/\/dunakavicsonline.hu\/en\/2015-virtualis-egyetem\/\">2015 Virtua\u0301lis egyetem<\/a><\/li>\n<li><a class=\"wp-block-latest-posts__post-title\" href=\"https:\/\/dunakavicsonline.hu\/en\/2019-mafiok-tanulmanyko%cc%88tet\/\">2019 Mafiok tanulma\u0301nyko\u0308tet<\/a><\/li>\n<li><a class=\"wp-block-latest-posts__post-title\" href=\"https:\/\/dunakavicsonline.hu\/en\/2020-termelju%cc%88nk-egyu%cc%88tt-a-termeszettel-i\/\">2020 Termelju\u0308nk egyu\u0308tt a terme\u0301szettel I.<\/a><\/li>\n<li><a class=\"wp-block-latest-posts__post-title\" href=\"https:\/\/dunakavicsonline.hu\/en\/2020-termelju%cc%88nk-egyu%cc%88tt-a-termeszettel-ii\/\">2020 Termelju\u0308nk egyu\u0308tt a terme\u0301szettel II.<\/a><\/li>\n<li><a class=\"wp-block-latest-posts__post-title\" href=\"https:\/\/dunakavicsonline.hu\/en\/2020-termelju%cc%88nk-egyu%cc%88tt-a-termeszettel-iii\/\">2020 Termelju\u0308nk egyu\u0308tt a terme\u0301szettel III.<\/a><\/li>\n<li><a class=\"wp-block-latest-posts__post-title\" href=\"https:\/\/dunakavicsonline.hu\/en\/2021-anyagtudomanyi-terek-1\/\">2021 Anyagtudoma\u0301nyi terek 1.<\/a><\/li>\n<li><a class=\"wp-block-latest-posts__post-title\" href=\"https:\/\/dunakavicsonline.hu\/en\/2021-anyagtudomanyi-terek-1-fenntarthatosagi-terek\/\">2021 Anyagtudoma\u0301nyi terek 1. Fenntarthato\u0301sa\u0301gi terek<\/a><\/li>\n<li><a class=\"wp-block-latest-posts__post-title\" href=\"https:\/\/dunakavicsonline.hu\/en\/2021-anyagtudomanyi-terek-2\/\">2021 Anyagtudoma\u0301nyi terek 2.<\/a><\/li>\n<li><a class=\"wp-block-latest-posts__post-title\" href=\"https:\/\/dunakavicsonline.hu\/en\/2021-sustainability-fields\/\">2021 Sustainability fields<\/a><\/li>\n<li><a class=\"wp-block-latest-posts__post-title\" href=\"https:\/\/dunakavicsonline.hu\/en\/2022-gazdasagi-no%cc%88vekedes\/\">2022 Gazdasa\u0301gi no\u0308vekede\u0301s<\/a><\/li>\n<li><a class=\"wp-block-latest-posts__post-title\" href=\"https:\/\/dunakavicsonline.hu\/en\/2024-innovacios-terek\/\">2024 Innova\u0301cio\u0301s terek<\/a><\/li>\n<\/ul>\n\n\n<p><\/p>","protected":false},"excerpt":{"rendered":"","protected":false},"author":1,"featured_media":0,"parent":0,"menu_order":0,"comment_status":"closed","ping_status":"closed","template":"","meta":{"two_page_speed":[],"footnotes":""},"class_list":["post-1323","page","type-page","status-publish","hentry"],"_links":{"self":[{"href":"https:\/\/dunakavicsonline.hu\/en\/wp-json\/wp\/v2\/pages\/1323","targetHints":{"allow":["GET"]}}],"collection":[{"href":"https:\/\/dunakavicsonline.hu\/en\/wp-json\/wp\/v2\/pages"}],"about":[{"href":"https:\/\/dunakavicsonline.hu\/en\/wp-json\/wp\/v2\/types\/page"}],"author":[{"embeddable":true,"href":"https:\/\/dunakavicsonline.hu\/en\/wp-json\/wp\/v2\/users\/1"}],"replies":[{"embeddable":true,"href":"https:\/\/dunakavicsonline.hu\/en\/wp-json\/wp\/v2\/comments?post=1323"}],"version-history":[{"count":3,"href":"https:\/\/dunakavicsonline.hu\/en\/wp-json\/wp\/v2\/pages\/1323\/revisions"}],"predecessor-version":[{"id":1351,"href":"https:\/\/dunakavicsonline.hu\/en\/wp-json\/wp\/v2\/pages\/1323\/revisions\/1351"}],"wp:attachment":[{"href":"https:\/\/dunakavicsonline.hu\/en\/wp-json\/wp\/v2\/media?parent=1323"}],"curies":[{"name":"wp","href":"https:\/\/api.w.org\/{rel}","templated":true}]}}