{"id":1332,"date":"2025-01-27T16:07:34","date_gmt":"2025-01-27T16:07:34","guid":{"rendered":"https:\/\/dunakavicsonline.hu\/?page_id=1332"},"modified":"2025-05-07T12:26:35","modified_gmt":"2025-05-07T12:26:35","slug":"letoltesek","status":"publish","type":"page","link":"https:\/\/dunakavicsonline.hu\/en\/letoltesek\/","title":{"rendered":"Downloads"},"content":{"rendered":"<div class=\"wp-block-columns is-layout-flex wp-container-core-columns-is-layout-9d6595d7 wp-block-columns-is-layout-flex\">\n<div class=\"wp-block-column is-layout-flow wp-block-column-is-layout-flow\">\n<p class=\"has-medium-font-size\"><a href=\"https:\/\/dunakavicsonline.hu\/en\/letoltes\/\" data-type=\"page\" data-id=\"359\">Previous issues of Dunakavics<\/a><\/p>\n<\/div>\n\n\n\n<div class=\"wp-block-column is-layout-flow wp-block-column-is-layout-flow\">\n<p class=\"has-medium-font-size\"><a href=\"https:\/\/dunakavicsonline.hu\/en\/dunakavics-konyvek\/\" data-type=\"page\" data-id=\"1323\">Dunakavics books<\/a><\/p>\n<\/div>\n\n\n\n<div class=\"wp-block-column is-layout-flow wp-block-column-is-layout-flow\"><\/div>\n<\/div>\n\n\n\n<p><\/p>","protected":false},"excerpt":{"rendered":"<p>A Dunakavics kor\u00e1bbi sz\u00e1mai Dunakavics k\u00f6nyvek<\/p>","protected":false},"author":1,"featured_media":0,"parent":0,"menu_order":0,"comment_status":"closed","ping_status":"closed","template":"","meta":{"two_page_speed":[],"footnotes":""},"class_list":["post-1332","page","type-page","status-publish","hentry"],"_links":{"self":[{"href":"https:\/\/dunakavicsonline.hu\/en\/wp-json\/wp\/v2\/pages\/1332","targetHints":{"allow":["GET"]}}],"collection":[{"href":"https:\/\/dunakavicsonline.hu\/en\/wp-json\/wp\/v2\/pages"}],"about":[{"href":"https:\/\/dunakavicsonline.hu\/en\/wp-json\/wp\/v2\/types\/page"}],"author":[{"embeddable":true,"href":"https:\/\/dunakavicsonline.hu\/en\/wp-json\/wp\/v2\/users\/1"}],"replies":[{"embeddable":true,"href":"https:\/\/dunakavicsonline.hu\/en\/wp-json\/wp\/v2\/comments?post=1332"}],"version-history":[{"count":4,"href":"https:\/\/dunakavicsonline.hu\/en\/wp-json\/wp\/v2\/pages\/1332\/revisions"}],"predecessor-version":[{"id":1952,"href":"https:\/\/dunakavicsonline.hu\/en\/wp-json\/wp\/v2\/pages\/1332\/revisions\/1952"}],"wp:attachment":[{"href":"https:\/\/dunakavicsonline.hu\/en\/wp-json\/wp\/v2\/media?parent=1332"}],"curies":[{"name":"wp","href":"https:\/\/api.w.org\/{rel}","templated":true}]}}