{"id":271,"date":"2020-02-18T20:19:51","date_gmt":"2020-02-18T20:19:51","guid":{"rendered":"https:\/\/dunakavicsonline.hu\/?page_id=271"},"modified":"2025-04-25T17:21:55","modified_gmt":"2025-04-25T17:21:55","slug":"kapcsolat-megrendeles","status":"publish","type":"page","link":"https:\/\/dunakavicsonline.hu\/en\/kapcsolat-megrendeles\/","title":{"rendered":"Contact"},"content":{"rendered":"<div style=\"height:30px\" aria-hidden=\"true\" class=\"wp-block-spacer\"><\/div>\n\n\n\n<p class=\"has-text-align-left\">Publisher and Editorial Office: T\u00e1ncsics Mih\u00e1ly Street 1\/A. H-2400 Duna\u00fajv\u00e1ros, Hungary.&nbsp;<br>E-mail address: duepress@uniduna.hu; szerkesztoseg@dunakavics.com<br><br>Responsible editor:&nbsp; <strong>Istv\u00e1n N\u00e9meth<\/strong>&nbsp;<br>E-mail: nemeth.istvan@uniduna.hu; foszerkeszto@dunakavics.com<\/p>\n\n\n\n<p>Phone number: 0036\/70-9474-522<br><\/p>\n\n\n\n<div style=\"height:30px\" aria-hidden=\"true\" class=\"wp-block-spacer\"><\/div>\n\n\n\n<h2 class=\"wp-block-heading has-text-align-left has-text-color has-medium-font-size\" style=\"color:#01aca2\"><strong>Columnists:&nbsp;<\/strong><\/h2>\n\n\n\n<p><br><strong>Orsolya Falus<\/strong><br>E-mail: faluso@uniduna.hu;\u00a0 falus.orsolya@dunakavics.com<br><br><strong>N\u00f3ra M\u00e1ria Halmai<\/strong><br>E-mail: halmain@uniduna.hu;\u00a0 halmai.nora@dunakavics.com<br><br><strong>Tam\u00e1s K\u0151kuti<\/strong><br>E-mail: kokutit@uniduna.hu;\u00a0 kokuti.tamas@dunakavics.com<br><br><strong>Anita Varga<\/strong><br>E-mail: varga.anita@uniduna.hu;\u00a0 varga.anita@dunakavics.com<\/p>\n\n\n\n<p><\/p>","protected":false},"excerpt":{"rendered":"<p>Kiad\u00f3 \u00e9s Szerkeszt\u0151s\u00e9g: 2400 Duna\u00fajv\u00e1ros, T\u00e1ncsics Mih\u00e1ly utca 1\/A.&nbsp;E-mail: duepress@uniduna.hu;&nbsp; szerkesztoseg@dunakavics.com Felel\u0151s szerkeszt\u0151:&nbsp; N\u00e9meth Istv\u00e1n&nbsp;E-mail: nemeth.istvan@uniduna.hu; foszerkeszto@dunakavics.com Tel: 06 70 9474 522 Rovatszerkeszt\u0151k:&nbsp; Falus OrsolyaE-mail: faluso@uniduna.hu;\u00a0 falus.orsolya@dunakavics.com Halmai N\u00f3ra M\u00e1riaE-mail: halmain@uniduna.hu;\u00a0 halmai.nora@dunakavics.com K\u0151kuti Tam\u00e1sE-mail: kokutit@uniduna.hu;\u00a0 kokuti.tamas@dunakavics.com Varga AnitaE-mail: varga.anita@uniduna.hu;\u00a0 varga.anita@dunakavics.com<\/p>","protected":false},"author":1,"featured_media":0,"parent":0,"menu_order":0,"comment_status":"closed","ping_status":"closed","template":"","meta":{"two_page_speed":[],"footnotes":""},"class_list":["post-271","page","type-page","status-publish","hentry"],"_links":{"self":[{"href":"https:\/\/dunakavicsonline.hu\/en\/wp-json\/wp\/v2\/pages\/271","targetHints":{"allow":["GET"]}}],"collection":[{"href":"https:\/\/dunakavicsonline.hu\/en\/wp-json\/wp\/v2\/pages"}],"about":[{"href":"https:\/\/dunakavicsonline.hu\/en\/wp-json\/wp\/v2\/types\/page"}],"author":[{"embeddable":true,"href":"https:\/\/dunakavicsonline.hu\/en\/wp-json\/wp\/v2\/users\/1"}],"replies":[{"embeddable":true,"href":"https:\/\/dunakavicsonline.hu\/en\/wp-json\/wp\/v2\/comments?post=271"}],"version-history":[{"count":19,"href":"https:\/\/dunakavicsonline.hu\/en\/wp-json\/wp\/v2\/pages\/271\/revisions"}],"predecessor-version":[{"id":1949,"href":"https:\/\/dunakavicsonline.hu\/en\/wp-json\/wp\/v2\/pages\/271\/revisions\/1949"}],"wp:attachment":[{"href":"https:\/\/dunakavicsonline.hu\/en\/wp-json\/wp\/v2\/media?parent=271"}],"curies":[{"name":"wp","href":"https:\/\/api.w.org\/{rel}","templated":true}]}}