{"id":523,"date":"2020-03-08T18:21:12","date_gmt":"2020-03-08T18:21:12","guid":{"rendered":"https:\/\/dunakavicsonline.hu\/?page_id=523"},"modified":"2025-01-27T15:50:10","modified_gmt":"2025-01-27T15:50:10","slug":"szerzok","status":"publish","type":"page","link":"https:\/\/dunakavicsonline.hu\/en\/szerzok\/","title":{"rendered":"For authors"},"content":{"rendered":"<p><\/p>\n\n\n\n<h2 class=\"wp-block-heading has-text-color\" style=\"color:#01aca2\"><strong>Publication process<\/strong><\/h2>\n\n\n\n<p>Dunakavics is a monthly online journal that publishes analyses and studies of a scientific nature. All articles for publication must be original, i.e., they must not be under peer review by another journal or have not previously appeared elsewhere.&nbsp;&nbsp;<\/p>\n\n\n\n<p>1. The publication process starts with registration and submission of an abstract of up to 400 words (topic, research question, methods, results).&nbsp;<\/p>\n\n\n\n<p>2. Authors of submitted abstracts that fit the profile of the journal and, in the judgment of the editorial board, meet the quality standards of Dunakavics will be invited to submit a full paper (approximately 40 000 characters, docx format, APA7 style, with DOI identifiers of sources in the bibliography).<br>The abstract must be submitted in both English and Hungarian, and three to six keywords must be provided for the paper.<br><\/p>\n\n\n\n<p>3. The article will be evaluated by the editorial board for compliance with the requirements for publication. If yes, the editor-in-chief will start the peer review process; if no, feedback will be sent to reject the paper.<\/p>\n\n\n\n<p>4. If the paper reflects what the abstract promises, the editor-in-chief will appoint an editor to oversee the paper and invite external reviewers to evaluate the manuscript. The referee(s) will assess the relevance and quality of the paper, its content and format, using a referee form, and will make a recommendation for publication. The editor-in-chief, together with the editor, will decide on the further fate of the paper on the basis of the reviews and proposals received.<\/p>\n\n\n\n<p>5. The author revises the manuscript on the basis of the reviews and editorial guidance received and resubmits it. The editor will consider whether the author has responded adequately to the criticisms and will decide, together with the Editor-in-chief, whether to accept the manuscript. If necessary, he will ask the author for further revisions.<\/p>\n\n\n\n<p>6. The editor-in-chief, with the assistance of the editorial board, schedules the article for publication in one of the next issues of the journal and, in consultation with the editor-in-chief and the reader's editor, prepares the final, printable form of the article.<\/p>\n\n\n\n<p>After completing the registration form below, you can submit your articles to:&nbsp;<\/p>\n\n\n\n<p class=\"translation-block\">duepress@uniduna.hu;\u00a0 or\u00a0<br>szerkesztoseg@dunakavics.com<br>in Hungarian or English.<\/p>\n\n\n<p><!--EndFragment--><\/p>\n<p><!--EndFragment--><\/p>\n\n\n<div style=\"display:none\" class=\"fm-form-container fm-theme2\"><div id=\"fm-pages6\" class=\"fm-pages wdform_page_navigation\" show_title=\"\" show_numbers=\"1\" type=\"none\"><\/div><form name=\"form6\" action=\"\/en\/wp-json\/wp\/v2\/pages\/523\" method=\"post\" id=\"form6\" class=\"fm-form form6\" enctype=\"multipart\/form-data\" data-trp-original-action=\"\/en\/wp-json\/wp\/v2\/pages\/523\"><input type=\"hidden\" id=\"fm_page_id6\" value=\"523\" name=\"fm_page_id6\" \/><input type=\"hidden\" id=\"fm_current_post_type6\" value=\"page\" name=\"fm_current_post_type6\" \/><input type=\"hidden\" id=\"counter6\" value=\"19\" name=\"counter6\" \/><input type=\"hidden\" id=\"Itemid6\" value=\"\" name=\"Itemid6\" \/><input type=\"hidden\" id=\"fm_shake6\" value=\"1\" name=\"fm_shake6\" \/><input type=\"text\" class=\"fm-hide\" id=\"fm_empty_field_validation6\" value=\"\" name=\"fm_empty_field_validation6\" data-value=\"bd736efb144d599cf463541431fbf5c4\" \/><div class=\"fm-header-bg\"><div class=\"fm-header\"><div class=\"fm-header-text\">          <div class=\"fm-header-title\">            Author registration          <\/div>          <div class=\"fm-header-description\">                      <\/div>        <\/div><\/div><\/div><div class=\"wdform-page-and-images fm-form-builder\"><div id=\"6form_view1\" class=\"wdform_page\" page_title=\"Untitled page\" next_title=\"Next\" next_type=\"text\" next_class=\"wdform-page-button\" next_checkable=\"true\" previous_title=\"Previous\" previous_type=\"text\" previous_class=\"wdform-page-button\" previous_checkable=\"false\"><div class=\"wdform_section\"><div class=\"wdform_column\"><div wdid=\"14\" class=\"wdform_row\" style=\"position: relative; left: 0px; top: 0px;\"><div type=\"type_name\" class=\"wdform-field wd-width-100 wd-flex wd-flex-column fm-type_name\" ><div class=\"wdform-label-section wd-width-100  wd-flex-row\" style=\"max-width: 400px;\">    <label  for=\"wdform_14_element_first6\" class=\"wdform-label\">Name<\/label><span class=\"wdform-required\">*<\/span><\/div><div class=\"wdform-element-section wd-flex  wd-flex-row wd-width-100\" ><div class=\"wd-flex wd-flex-column wd-width-50\"><input type=\"text\" class=\"wd-width-100\" id=\"wdform_14_element_first6\" name=\"wdform_14_element_first6\" data-value=\"\" value=\"\" title=\"\" placeholder=\"\"  \/><label class=\"mini_label\" for=\"wdform_14_element_first6\">Last name<\/label><\/div><div class=\"wd-flex wd-flex-column wd-name-separator\"><\/div><div class=\"wd-flex wd-flex-column wd-width-50\"><input type=\"text\" class=\"wd-width-100\" id=\"wdform_14_element_last6\" name=\"wdform_14_element_last6\" data-value=\"\" value=\"\" title=\"\" placeholder=\"\"  \/><label class=\"mini_label\" for=\"wdform_14_element_last6\">First name<\/label><\/div><\/div><\/div><\/div><\/div><div class=\"wdform_column\"><div wdid=\"15\" class=\"wdform_row\" style=\"position: relative; left: 0px; top: 0px;\"><div type=\"type_submitter_mail\" class=\"wdform-field wd-width-100 wd-flex wd-flex-column fm-type_submitter_mail\" ><div class=\"wdform-label-section wd-width-100  wd-flex-row\">    <label  for=\"wdform_15_element6\" class=\"wdform-label\">E-mail address:<\/label><span class=\"wdform-required\">*<\/span><\/div><div class=\"wdform-element-section wd-flex  wd-flex-row wd-width-100\" ><input type=\"text\" class=\"wd-width-100\" id=\"wdform_15_element6\" name=\"wdform_15_element6\" data-value=\"\" value=\"\" title=\"\" placeholder=\"\"   onchange=\"wd_check_email('15', '6', 'This is not a valid email address.')\" \/><\/div><\/div><\/div><div wdid=\"17\" class=\"wdform_row\" style=\"position: relative; left: 0px; top: 0px;\"><div type=\"type_textarea\" class=\"wdform-field wd-width-100 wd-flex wd-flex-column fm-type_textarea\" ><div class=\"wdform-label-section wd-width-100\">    <label  for=\"wdform_17_element6\" class=\"wdform-label\">Country<\/label><span class=\"wdform-required\">*<\/span><\/div><div class=\"wdform-element-section wd-flex  wd-width-100\" ><textarea class=\"wd-width-100\"                      id=\"wdform_17_element6\"                      name=\"wdform_17_element6\"                      placeholder=\"\"                      data-value=\"\"                      maxlength=\"\"                      style=\"height: 40px;\"                      ><\/textarea><\/div><\/div><\/div><\/div><div class=\"wdform_column\"><div wdid=\"7\" class=\"wdform_row\" style=\"position: relative; left: 0px; top: 0px;\"><div type=\"type_textarea\" class=\"wdform-field wd-width-100 wd-flex wd-flex-column fm-type_textarea\" ><div class=\"wdform-label-section wd-width-100\">    <label  for=\"wdform_7_element6\" class=\"wdform-label\">Abstract (up to 400 words)<\/label><span class=\"wdform-required\">*<\/span><\/div><div class=\"wdform-element-section wd-flex  wd-width-100\" ><textarea class=\"wd-width-100\"                      id=\"wdform_7_element6\"                      name=\"wdform_7_element6\"                      placeholder=\"\"                      data-value=\"\"                      maxlength=\"3000\"                      style=\"height: 100px;\"                      ><\/textarea><\/div><\/div><\/div><div wdid=\"16\" class=\"wdform_row\" style=\"position: relative; left: 0px; top: 0px;\"><div type=\"type_textarea\" class=\"wdform-field wd-width-100 wd-flex wd-flex-column fm-type_textarea\" ><div class=\"wdform-label-section wd-width-100\">    <label  for=\"wdform_16_element6\" class=\"wdform-label\">Phone number<\/label><span class=\"wdform-required\">*<\/span><\/div><div class=\"wdform-element-section wd-flex  wd-width-100\" ><textarea class=\"wd-width-100\"                      id=\"wdform_16_element6\"                      name=\"wdform_16_element6\"                      placeholder=\"\"                      data-value=\"\"                      maxlength=\"\"                      style=\"height: 40px;\"                      ><\/textarea><\/div><\/div><\/div><\/div><div class=\"wdform_column\"><div wdid=\"13\" class=\"wdform_row\" style=\"position: relative; left: 0px; top: 0px;\"><div type=\"type_radio\" class=\"wdform-field wd-width-100 wd-flex wd-flex-column fm-type_radio\" ><div class=\"wdform-label-section wd-width-100  wd-flex-wrap wd-flex-column\">    <label  class=\"wdform-label\">By registering, I declare that I have read and accept the Code of Ethics of the Civil Szemle [Civil Review] and the Privacy Policy of the Civil Szemle Alap\u00edtv\u00e1ny [Civil Review Foundation] and DUE Press. On this basis, I agree to the processing of my personal data voluntarily provided during registration in the manner specified in the Privacy Policy and to the publication of my data in the publication, if my publication is accepted and published by the editorial staff. I also consent to the Civil Szemle Alap\u00edtv\u00e1ny [Civil Review Foundation] and DUE Press forwarding my publication data to accepted providers in the scientific community that index and share scientific publications.*<\/label><span class=\"wdform-required\">*<\/span><\/div><div class=\"wdform-element-section wd-flex  wd-flex-wrap wd-flex-column wd-width-100\" ><div class=\"wd-flex wd-flex-column\"><input type=\"hidden\" name=\"wdform_13_element6\" value=\"\" \/><div class=\"radio-div wd-choice wd-flex wd-flex-row\"><input type=\"radio\"  id=\"wdform_13_element60\" name=\"wdform_13_element6\" value=\"Elfogadom\" onclick=\"set_default(&quot;wdform_13&quot;,&quot;0&quot;,&quot;6&quot;); \"   \/><label class=\"wd-align-items-center wd-flex wd-flex-row\" for=\"wdform_13_element60\"><span><\/span>I accept<\/label><\/div><\/div><\/div><\/div><\/div><\/div><div class=\"wdform_column\"><div wdid=\"1\" class=\"wdform_row\" style=\"position: relative; left: 0px; top: 0px;\"><div type=\"type_submit_reset\" class=\"wdform-field wd-width-100 wd-flex wd-flex-column fm-type_submit_reset\" ><div class=\"wdform-element-section wd-flex  wd-flex-row wd-justify-content-left wd-width-100\" ><button  type=\"button\" class=\"button-submit\" onclick=\"fm_submit_form('6');\"  data-ajax=\"0\"><span class=\"fm-submit-loading spinner fm-ico-spinner\"><\/span>Register<\/button><button  type=\"button\" class=\"button-reset wd-hidden\" onclick=\"fm_reset_form(6);\" >Reset<\/button><\/div><\/div><\/div><\/div><\/div><div valign=\"top\" class=\"wdform_footer wd-width-100\"><div class=\"wd-width-100\"><div class=\"wd-width-100 wd-table\" style=\"padding-top:10px;\"><div class=\"wd-table-group\"><div id=\"6page_nav1\" class=\"wd-table-row\"><\/div><\/div><\/div><\/div><\/div><\/div><\/div><div class=\"wdform_preload\"><\/div><input type=\"hidden\" name=\"fm-current-page\" value=\"https:\/\/dunakavicsonline.hu\/en\/wp-json\/wp\/v2\/pages\/523\" \/><input type=\"hidden\" name=\"trp-form-language\" value=\"en\"\/><\/form><\/div>\n\n\n\n<hr class=\"wp-block-separator has-css-opacity is-style-wide\"\/>\n\n\n\n<p><\/p>","protected":false},"excerpt":{"rendered":"<p>Publik\u00e1ci\u00f3s folyamat A Dunakavics havonta megjelen\u0151 online foly\u00f3irat, amely tudom\u00e1nyos ig\u00e9ny\u0171 elemz\u00e9seket, tanulm\u00e1nyokat k\u00f6z\u00f6l. Minden k\u00f6zl\u00e9sre sz\u00e1nt \u00edr\u00e1snak eredetinek kell lennie, azaz nem \u00e1llhatnak m\u00e1s foly\u00f3iratn\u00e1l b\u00edr\u00e1lat alatt, illetve kor\u00e1bban m\u00e1shol nem jelenhettek m\u00e9g meg.&nbsp;&nbsp; 1. A publik\u00e1ci\u00f3s folyamat regisztr\u00e1ci\u00f3val \u00e9s legfeljebb 400 szavas abstract (t\u00e9ma megjel\u00f6l\u00e9se, kutat\u00e1si k\u00e9rd\u00e9s, m\u00f3dszerek, eredm\u00e9nyek) beny\u00fajt\u00e1s\u00e1val veszi kezdet\u00e9t.&nbsp; 2. &hellip; <a href=\"https:\/\/dunakavicsonline.hu\/en\/szerzok\/\" class=\"more-link\">Continue reading<span class=\"screen-reader-text\"> &#8222;Szerz\u0151knek&#8221;<\/span><\/a><\/p>","protected":false},"author":1,"featured_media":0,"parent":0,"menu_order":0,"comment_status":"closed","ping_status":"closed","template":"","meta":{"two_page_speed":[],"footnotes":""},"class_list":["post-523","page","type-page","status-publish","hentry"],"_links":{"self":[{"href":"https:\/\/dunakavicsonline.hu\/en\/wp-json\/wp\/v2\/pages\/523","targetHints":{"allow":["GET"]}}],"collection":[{"href":"https:\/\/dunakavicsonline.hu\/en\/wp-json\/wp\/v2\/pages"}],"about":[{"href":"https:\/\/dunakavicsonline.hu\/en\/wp-json\/wp\/v2\/types\/page"}],"author":[{"embeddable":true,"href":"https:\/\/dunakavicsonline.hu\/en\/wp-json\/wp\/v2\/users\/1"}],"replies":[{"embeddable":true,"href":"https:\/\/dunakavicsonline.hu\/en\/wp-json\/wp\/v2\/comments?post=523"}],"version-history":[{"count":9,"href":"https:\/\/dunakavicsonline.hu\/en\/wp-json\/wp\/v2\/pages\/523\/revisions"}],"predecessor-version":[{"id":1320,"href":"https:\/\/dunakavicsonline.hu\/en\/wp-json\/wp\/v2\/pages\/523\/revisions\/1320"}],"wp:attachment":[{"href":"https:\/\/dunakavicsonline.hu\/en\/wp-json\/wp\/v2\/media?parent=523"}],"curies":[{"name":"wp","href":"https:\/\/api.w.org\/{rel}","templated":true}]}}