{"id":61,"date":"2020-01-26T10:43:12","date_gmt":"2020-01-26T10:43:12","guid":{"rendered":"https:\/\/dunakavicsonline.hu\/?page_id=61"},"modified":"2025-01-27T15:32:24","modified_gmt":"2025-01-27T15:32:24","slug":"kiado","status":"publish","type":"page","link":"https:\/\/dunakavicsonline.hu\/en\/kiado\/","title":{"rendered":"Publisher"},"content":{"rendered":"<h2 class=\"wp-block-heading\" id=\"kuldetes\"><\/h2>\n\n\n\n<hr class=\"wp-block-separator has-css-opacity is-style-wide\"\/>\n\n\n\n<p class=\"has-central-palette-1-color has-text-color has-link-color wp-elements-232365584f214323edac62a4976794d4\" style=\"font-size:26px\"><strong>Mission<\/strong><\/p>\n\n\n\n<p>DUE PRESS was founded in 2013 by the Duna\u00fajv\u00e1ros College (from 2016, University of Duna\u00fajv\u00e1ros) in Duna\u00fajv\u00e1ros with the aim of promoting the recognition and dissemination of scientific research of the college\/university and its associated and collaborating organizations.&nbsp;<\/p>\n\n\n\n<p>In order to achieve these objectives, the college\/university founded the online journal Dunakavics in the same year, as a platform for the university's staff and their research.&nbsp;&nbsp;<\/p>\n\n\n\n<p>An important objective was to make the journal available and offer publication opportunities also to university students.<\/p>\n\n\n\n<hr class=\"wp-block-separator has-css-opacity is-style-wide\"\/>\n\n\n\n<p class=\"has-central-palette-1-color has-text-color has-link-color wp-elements-216052e9748cdcd0c39426e9fdc25222\" style=\"font-size:26px\"><strong>DUE PRESS \/ Dunakavics office-holders<\/strong><\/p>\n\n\n\n<p class=\"translation-block\"><strong>Istv\u00e1n Andr\u00e1s<\/strong>, rector, responsible publisher (2013-<br><strong>Istv\u00e1n N\u00e9meth<\/strong>, director - editor-in-chief (2013-<\/p>\n\n\n\n<hr class=\"wp-block-separator has-css-opacity is-style-wide\"\/>\n\n\n\n<p class=\"has-central-palette-1-color has-text-color has-link-color wp-elements-dcfa997ffcf54a9e01ec812979d76164\" style=\"font-size:26px\"><strong>Editorial Board<\/strong><\/p>\n\n\n\n<p class=\"translation-block\"><strong>Istv\u00e1n Andr\u00e1s<\/strong> (2013\u2013), <br>\n<strong>Gy\u00f6rgy \u00c1goston<\/strong> (2018\u20132019), <br>\n<strong>Anetta Bacsa-B\u00e1n<\/strong> (2020\u20132018), <br>\n<strong>L\u00e1szl\u00f3 Bal\u00e1zs<\/strong> (2018\u2013), <br>\n<strong>Nat\u00e1lia Kiss<\/strong> (2013\u20132015), <br>\n<strong>Zolt\u00e1n Kir\u00e1ly<\/strong> (2014\u20132018), <br>\n<strong>\u00c9va Kov\u00e1cs-Bokor<\/strong> (2024\u2013), <br>\n<strong>Katalin Kukorelli<\/strong> (2013\u20132018), <br>\n<strong>Andr\u00e1s Nagy<\/strong> (2020), <br>\n<strong>B\u00e1lint Nagy<\/strong> (2018\u2013), <br>\n<strong>Istv\u00e1n N\u00e9meth<\/strong> (2013\u2013), <br>\n<strong>B\u00e9la Palot\u00e1s<\/strong> (2015\u20132018), <br>\n<strong>Judit P\u00e1zm\u00e1n<\/strong> (2021\u20132024), <br>\n<strong>M\u00f3nika Rajcs\u00e1nyi-Moln\u00e1r<\/strong> (2013\u2013), <br>\n<strong>Csilla Marianna Szab\u00f3<\/strong> (2016\u20132019), <br>\n<strong>Istv\u00e1n Talata<\/strong> (2013\u20132014). <br><\/p>\n\n\n\n<p class=\"has-central-palette-1-color has-text-color has-link-color wp-elements-c8628fafdfda3e0ce5a143735eb18660\" style=\"font-size:26px\"><strong><strong>Editors (columnists)<\/strong><\/strong><\/p>\n\n\n\n<p class=\"translation-block\"><strong>Attila Duma<\/strong>, Editor (2014\u2013), <br>\n<strong>Orsolya Fruzsina Falus<\/strong> (2024\u2013) <br>\n<strong>N\u00f3ra M\u00e1ria Halmai<\/strong> (2024\u2013) <br>\n<strong>G\u00e1bor Klucsik<\/strong>, technical editor (2013\u20132018), <br>\n<strong>Tam\u00e1s K\u0151kuti<\/strong> (2024\u2013), <br>\n<strong>G\u00e1bor Lad\u00e1nyi<\/strong> (2013\u20132018), <br>\n<strong>B\u00e1lint Nagy<\/strong> (2013\u20132018), <br>\n<strong>Istv\u00e1n Szak\u00e1cs<\/strong> (2013\u20132018), <br>\n<strong>Anita Varga<\/strong> (2024\u2013). <br><\/p>\n\n\n\n<p><\/p>","protected":false},"excerpt":{"rendered":"<p>K\u00fcldet\u00e9s A DUE PRESS kiad\u00f3t 2013-ban alap\u00edtotta a Duna\u00fajv\u00e1rosi F\u0151iskola (2016-t\u00f3l Duna\u00fajv\u00e1rosi Egyetem) Duna\u00fajv\u00e1rosban azzal a c\u00e9llal, hogy el\u0151seg\u00edtse a f\u0151iskola\/egyetem \u00e9s t\u00e1rsult, egy\u00fcttm\u0171k\u00f6d\u0151 szervezetei sz\u00e1m\u00e1ra tudom\u00e1nyos kutat\u00e1sainak elismertet\u00e9s\u00e9t, disszemin\u00e1l\u00e1s\u00e1t.&nbsp; A f\u0151iskola\/egyetem e c\u00e9lok megval\u00f3s\u00edt\u00e1sa \u00e9rdek\u00e9ben ugyanebben az \u00e9vben alap\u00edtotta meg a Dunakavics nev\u0171 online foly\u00f3iratot, az egyetem munkat\u00e1rsainak, illetve kutat\u00e1saikat bemutat\u00f3 fel\u00fcletk\u00e9nt.&nbsp;&nbsp; Fontos c\u00e9lkit\u0171z\u00e9sk\u00e9nt &hellip; <a href=\"https:\/\/dunakavicsonline.hu\/en\/kiado\/\" class=\"more-link\">Continue reading<span class=\"screen-reader-text\"> &#8222;Kiad\u00f3&#8221;<\/span><\/a><\/p>","protected":false},"author":1,"featured_media":0,"parent":0,"menu_order":0,"comment_status":"closed","ping_status":"closed","template":"","meta":{"two_page_speed":[],"footnotes":""},"class_list":["post-61","page","type-page","status-publish","hentry"],"_links":{"self":[{"href":"https:\/\/dunakavicsonline.hu\/en\/wp-json\/wp\/v2\/pages\/61","targetHints":{"allow":["GET"]}}],"collection":[{"href":"https:\/\/dunakavicsonline.hu\/en\/wp-json\/wp\/v2\/pages"}],"about":[{"href":"https:\/\/dunakavicsonline.hu\/en\/wp-json\/wp\/v2\/types\/page"}],"author":[{"embeddable":true,"href":"https:\/\/dunakavicsonline.hu\/en\/wp-json\/wp\/v2\/users\/1"}],"replies":[{"embeddable":true,"href":"https:\/\/dunakavicsonline.hu\/en\/wp-json\/wp\/v2\/comments?post=61"}],"version-history":[{"count":27,"href":"https:\/\/dunakavicsonline.hu\/en\/wp-json\/wp\/v2\/pages\/61\/revisions"}],"predecessor-version":[{"id":1307,"href":"https:\/\/dunakavicsonline.hu\/en\/wp-json\/wp\/v2\/pages\/61\/revisions\/1307"}],"wp:attachment":[{"href":"https:\/\/dunakavicsonline.hu\/en\/wp-json\/wp\/v2\/media?parent=61"}],"curies":[{"name":"wp","href":"https:\/\/api.w.org\/{rel}","templated":true}]}}